{"id":183,"date":"2016-03-10T09:22:08","date_gmt":"2016-03-10T09:22:08","guid":{"rendered":"https:\/\/okthemes.com\/villenoirdarkdemo\/?page_id=183"},"modified":"2025-01-22T11:59:33","modified_gmt":"2025-01-22T11:59:33","slug":"contact","status":"publish","type":"page","link":"https:\/\/asantewines.com\/fr\/contact\/","title":{"rendered":"Contact"},"content":{"rendered":"<div class=\"wpb-content-wrapper\"><p>[vc_row full_width=\u00a0\u00bbstretch_row\u00a0\u00bb css_animation=\u00a0\u00bb\u00a0\u00bb css=\u00a0\u00bb.vc_custom_1698316589100{margin-top: 0px !important;margin-bottom: 90px !important;padding-top: 90px !important;padding-bottom: 0px !important;background-color: #121212 !important;}\u00a0\u00bb][vc_column css_animation=\u00a0\u00bb\u00a0\u00bb][vc_custom_heading text=\u00a0\u00bbADRESSE<br \/>\n\u00a0\u00bb font_container=\u00a0\u00bbtag:h4|font_size:18|text_align:center|color:%23a58e66&Prime; google_fonts=\u00a0\u00bbfont_family:Lato%3A100%2C100italic%2C300%2C300italic%2Cregular%2Citalic%2C700%2C700italic%2C900%2C900italic|font_style:400%20regular%3A400%3Anormal\u00a0\u00bb css=\u00a0\u00bb.vc_custom_1737458539463{margin-bottom: 30px !important;}\u00a0\u00bb][vc_column_text css=\u00a0\u00bb\u00a0\u00bb css_animation=\u00a0\u00bb\u00a0\u00bb]<\/p>\n<p style=\"text-align: center;\">ASANTE WINES<br \/>\nPROPRI\u00c9T\u00c9 DE,<br \/>\nSHALOM WINES s.r.o,<br \/>\nP\u0159\u00ed\u010dn\u00e1 1892\/4, 110 00 PRAGUE,<br \/>\nCzech Republic<\/p>\n<p>[\/vc_column_text][vc_custom_heading text=\u00a0\u00bb\u00c0 VOTRE \u00c9COUTE\u00a0\u00bb font_container=\u00a0\u00bbtag:h4|font_size:18|text_align:center|color:%23a58e66&Prime; google_fonts=\u00a0\u00bbfont_family:Lato%3A100%2C100italic%2C300%2C300italic%2Cregular%2Citalic%2C700%2C700italic%2C900%2C900italic|font_style:400%20regular%3A400%3Anormal\u00a0\u00bb css=\u00a0\u00bb.vc_custom_1737458529229{margin-bottom: 30px !important;}\u00a0\u00bb][vc_column_text css=\u00a0\u00bb.vc_custom_1698317459683{margin-bottom: 90px !important;}\u00a0\u00bb css_animation=\u00a0\u00bb\u00a0\u00bb]<\/p>\n<p style=\"text-align: center;\">CONTACT@ASANTEWINES.COM<\/p>\n<p>[\/vc_column_text][\/vc_column][\/vc_row]<\/p>\n<\/div>","protected":false},"excerpt":{"rendered":"<p>[vc_row full_width=\u00a0\u00bbstretch_row\u00a0\u00bb css_animation=\u00a0\u00bb\u00a0\u00bb css=\u00a0\u00bb.vc_custom_1698316589100{margin-top: 0px !important;margin-bottom: 90px !important;padding-top: 90px !important;padding-bottom: 0px !important;background-color: #121212 !important;}\u00a0\u00bb][vc_column css_animation=\u00a0\u00bb\u00a0\u00bb][vc_custom_heading text=\u00a0\u00bbADRESSE \u00a0\u00bb font_container=\u00a0\u00bbtag:h4|font_size:18|text_align:center|color:%23a58e66&Prime; google_fonts=\u00a0\u00bbfont_family:Lato%3A100%2C100italic%2C300%2C300italic%2Cregular%2Citalic%2C700%2C700italic%2C900%2C900italic|font_style:400%20regular%3A400%3Anormal\u00a0\u00bb css=\u00a0\u00bb.vc_custom_1737458539463{margin-bottom: 30px !important;}\u00a0\u00bb][vc_column_text css=\u00a0\u00bb\u00a0\u00bb css_animation=\u00a0\u00bb\u00a0\u00bb] ASANTE WINES PROPRI\u00c9T\u00c9 DE, SHALOM WINES s.r.o, P\u0159\u00ed\u010dn\u00e1 1892\/4, 110 00 PRAGUE, Czech Republic [\/vc_column_text][vc_custom_heading text=\u00a0\u00bb\u00c0 VOTRE \u00c9COUTE\u00a0\u00bb font_container=\u00a0\u00bbtag:h4|font_size:18|text_align:center|color:%23a58e66&Prime; google_fonts=\u00a0\u00bbfont_family:Lato%3A100%2C100italic%2C300%2C300italic%2Cregular%2Citalic%2C700%2C700italic%2C900%2C900italic|font_style:400%20regular%3A400%3Anormal\u00a0\u00bb css=\u00a0\u00bb.vc_custom_1737458529229{margin-bottom: 30px !important;}\u00a0\u00bb][vc_column_text css=\u00a0\u00bb.vc_custom_1698317459683{margin-bottom: 90px !important;}\u00a0\u00bb css_animation=\u00a0\u00bb\u00a0\u00bb] CONTACT@ASANTEWINES.COM [\/vc_column_text][\/vc_column][\/vc_row]<\/p>\n","protected":false},"author":1,"featured_media":3128,"parent":0,"menu_order":0,"comment_status":"closed","ping_status":"closed","template":"theme-templates\/contact.php","meta":{"_acf_changed":false,"footnotes":""},"class_list":["post-183","page","type-page","status-publish","has-post-thumbnail","hentry"],"acf":[],"aioseo_notices":[],"_links":{"self":[{"href":"https:\/\/asantewines.com\/fr\/wp-json\/wp\/v2\/pages\/183","targetHints":{"allow":["GET"]}}],"collection":[{"href":"https:\/\/asantewines.com\/fr\/wp-json\/wp\/v2\/pages"}],"about":[{"href":"https:\/\/asantewines.com\/fr\/wp-json\/wp\/v2\/types\/page"}],"author":[{"embeddable":true,"href":"https:\/\/asantewines.com\/fr\/wp-json\/wp\/v2\/users\/1"}],"replies":[{"embeddable":true,"href":"https:\/\/asantewines.com\/fr\/wp-json\/wp\/v2\/comments?post=183"}],"version-history":[{"count":5,"href":"https:\/\/asantewines.com\/fr\/wp-json\/wp\/v2\/pages\/183\/revisions"}],"predecessor-version":[{"id":4200,"href":"https:\/\/asantewines.com\/fr\/wp-json\/wp\/v2\/pages\/183\/revisions\/4200"}],"wp:featuredmedia":[{"embeddable":true,"href":"https:\/\/asantewines.com\/fr\/wp-json\/wp\/v2\/media\/3128"}],"wp:attachment":[{"href":"https:\/\/asantewines.com\/fr\/wp-json\/wp\/v2\/media?parent=183"}],"curies":[{"name":"wp","href":"https:\/\/api.w.org\/{rel}","templated":true}]}}