{"id":341,"date":"2016-03-15T14:31:38","date_gmt":"2016-03-15T14:31:38","guid":{"rendered":"https:\/\/okthemes.com\/villenoirdarkdemo\/?page_id=341"},"modified":"2025-01-25T15:34:25","modified_gmt":"2025-01-25T15:34:25","slug":"our-story","status":"publish","type":"page","link":"https:\/\/asantewines.com\/fr\/our-story\/","title":{"rendered":"Our story"},"content":{"rendered":"<div class=\"wpb-content-wrapper\"><p>[vc_row full_width=\u00a0\u00bbstretch_row\u00a0\u00bb css_animation=\u00a0\u00bb\u00a0\u00bb css=\u00a0\u00bb.vc_custom_1635865207050{padding-top: 120px !important;background-image: url(https:\/\/okthemes.com\/villenoirdarkdemo\/wp-content\/uploads\/2021\/11\/our-story-back-image-dark-v2.jpg?id=2480) !important;background-position: center !important;background-repeat: no-repeat !important;background-size: cover !important;}\u00a0\u00bb el_class=\u00a0\u00bbgg-force-background-bottom\u00a0\u00bb][vc_column width=\u00a0\u00bb1\/2&Prime; css_animation=\u00a0\u00bb\u00a0\u00bb][vc_column_text css=\u00a0\u00bb\u00a0\u00bb css_animation=\u00a0\u00bb\u00a0\u00bb]<\/p>\n<h2>L\u2019ESSENCE d\u2019ASANTE<\/h2>\n<p>\u201c\u201cJ\u2019ai voulu susciter l\u2019enthousiasme dans l\u2019industrie du vin et faire tourner les t\u00eates, avec un vin que l\u2019on peut boire n\u2019importe o\u00f9 \u2013 un bon d\u00eener ou voire se d\u00e9tendre \u00e0 la maison \u2013 quelque chose que je boirais souvent. C\u2019\u00e9tait le genre de vin que je recherchais\u2026 quelque chose de r\u00e9el et de vivant \u201d<\/p>\n<p><span style=\"color: #a58e66;\">S. KABA<\/span><\/p>\n<h2> PASSION<\/h2>\n<p>M. KABA et les vignerons ont d\u00e9gust\u00e9 et assembl\u00e9 de nombreux vins, jusqu\u2019\u00e0 ce qu\u2019ils d\u00e9veloppent et aboutissent \u00e0 un style de signature finale : un Asante Rouge 2015 Haut M\u00e9doc et un Prosecco italien DOCG Extra Brut. Et il ne s\u2019est pas arr\u00eat\u00e9 aux nouvelles saveurs audacieuses, M. KABA voulait s\u2019assurer que l\u2019\u00e9tiquette du vin corresponde \u00e0 l\u2019audace de l\u2019Esprit Asante.<\/p>\n<p><strong>C\u2019est ainsi que le Vin ASANTE est n\u00e9.<\/strong><\/p>\n<p><strong>D\u00e9gustez un vin avec un Esprit de Guerrier !<\/strong>[\/vc_column_text][\/vc_column][vc_column width=\u00a0\u00bb1\/2&Prime; css_animation=\u00a0\u00bb\u00a0\u00bb]\n\t<div class=\"title-subtitle-box  vc_custom_1737458099349 vc_custom_1737458099350 vc_custom_1737458099351\" style=\" padding: 90px 0 0 0px; text-align: center;\">\n\t\t<p  style=\"\">L'\u00c9TAT D'ESPRIT D'ASANTE<\/p>\n\t\t<h1 style=\" font-style: normal;\">Prosp\u00e9rer dans l'\u00e9laboration de vins raffin\u00e9s qui enrichissent le go\u00fbt et l'\u00e2me.<\/h1>\n\t<\/div> [vc_column_text css=\u00a0\u00bb\u00a0\u00bb css_animation=\u00a0\u00bb\u00a0\u00bb]<\/p>\n<p style=\"text-align: center;\"><strong>SUIVEZ LES VINS Asante SUR INSTAGRAM<br \/>\n<\/strong><\/p>\n<p style=\"text-align: center;\">Partagez vos moments de combat avec nous en taguant #asantewines<\/p>\n<p style=\"text-align: center;\"><a href=\"https:\/\/www.instagram.com\/asantewines\/\">ALES VINS ASANTE SUR INSTAGRAM<\/a><\/p>\n<p>[\/vc_column_text][\/vc_column][\/vc_row][vc_row full_width=\u00a0\u00bbstretch_row\u00a0\u00bb css_animation=\u00a0\u00bb\u00a0\u00bb css=\u00a0\u00bb.vc_custom_1635865145938{background-image: url(https:\/\/okthemes.com\/villenoirdarkdemo\/wp-content\/uploads\/2021\/11\/our-story-back-image-2-dark-v2.jpg?id=2473) !important;background-position: 0 0 !important;background-repeat: no-repeat !important;}\u00a0\u00bb el_class=\u00a0\u00bbgg-force-background-bottom-no-cover\u00a0\u00bb][vc_column width=\u00a0\u00bb1\/4&Prime; css_animation=\u00a0\u00bb\u00a0\u00bb][\/vc_column][vc_column width=\u00a0\u00bb1\/2&Prime; css_animation=\u00a0\u00bb\u00a0\u00bb css=\u00a0\u00bb.vc_custom_1458310150528{padding-right: 5% !important;padding-left: 5% !important;}\u00a0\u00bb][vc_single_image image=\u00a0\u00bb3846&Prime; img_size=\u00a0\u00bbfull\u00a0\u00bb alignment=\u00a0\u00bbcenter\u00a0\u00bb onclick=\u00a0\u00bbcustom_link\u00a0\u00bb css=\u00a0\u00bb\u00a0\u00bb css_animation=\u00a0\u00bb\u00a0\u00bb link=\u00a0\u00bbhttps:\/\/asantewines.com\/fr\/wines-shop\/\u00a0\u00bb][\/vc_column][vc_column width=\u00a0\u00bb1\/4&Prime; css_animation=\u00a0\u00bb\u00a0\u00bb][\/vc_column][\/vc_row]<\/p>\n<\/div>","protected":false},"excerpt":{"rendered":"<p>[vc_row full_width=\u00a0\u00bbstretch_row\u00a0\u00bb css_animation=\u00a0\u00bb\u00a0\u00bb css=\u00a0\u00bb.vc_custom_1635865207050{padding-top: 120px !important;background-image: url(https:\/\/okthemes.com\/villenoirdarkdemo\/wp-content\/uploads\/2021\/11\/our-story-back-image-dark-v2.jpg?id=2480) !important;background-position: center !important;background-repeat: no-repeat !important;background-size: cover !important;}\u00a0\u00bb el_class=\u00a0\u00bbgg-force-background-bottom\u00a0\u00bb][vc_column width=\u00a0\u00bb1\/2&Prime; css_animation=\u00a0\u00bb\u00a0\u00bb][vc_column_text css=\u00a0\u00bb\u00a0\u00bb css_animation=\u00a0\u00bb\u00a0\u00bb] L\u2019ESSENCE d\u2019ASANTE \u201c\u201cJ\u2019ai voulu susciter l\u2019enthousiasme dans l\u2019industrie du vin et faire tourner les t\u00eates, avec un vin que l\u2019on peut boire n\u2019importe o\u00f9 \u2013 un bon d\u00eener ou voire se d\u00e9tendre \u00e0 la maison \u2013<br class=\"read-more-spacer\"> <a class=\"more-link\" href=\"https:\/\/asantewines.com\/fr\/our-story\/\">Read More<\/a><\/p>\n","protected":false},"author":1,"featured_media":3894,"parent":0,"menu_order":0,"comment_status":"closed","ping_status":"closed","template":"","meta":{"_acf_changed":false,"footnotes":""},"class_list":["post-341","page","type-page","status-publish","has-post-thumbnail","hentry"],"acf":[],"aioseo_notices":[],"_links":{"self":[{"href":"https:\/\/asantewines.com\/fr\/wp-json\/wp\/v2\/pages\/341","targetHints":{"allow":["GET"]}}],"collection":[{"href":"https:\/\/asantewines.com\/fr\/wp-json\/wp\/v2\/pages"}],"about":[{"href":"https:\/\/asantewines.com\/fr\/wp-json\/wp\/v2\/types\/page"}],"author":[{"embeddable":true,"href":"https:\/\/asantewines.com\/fr\/wp-json\/wp\/v2\/users\/1"}],"replies":[{"embeddable":true,"href":"https:\/\/asantewines.com\/fr\/wp-json\/wp\/v2\/comments?post=341"}],"version-history":[{"count":19,"href":"https:\/\/asantewines.com\/fr\/wp-json\/wp\/v2\/pages\/341\/revisions"}],"predecessor-version":[{"id":4215,"href":"https:\/\/asantewines.com\/fr\/wp-json\/wp\/v2\/pages\/341\/revisions\/4215"}],"wp:featuredmedia":[{"embeddable":true,"href":"https:\/\/asantewines.com\/fr\/wp-json\/wp\/v2\/media\/3894"}],"wp:attachment":[{"href":"https:\/\/asantewines.com\/fr\/wp-json\/wp\/v2\/media?parent=341"}],"curies":[{"name":"wp","href":"https:\/\/api.w.org\/{rel}","templated":true}]}}