{"id":3991,"date":"2025-01-05T15:56:57","date_gmt":"2025-01-05T15:56:57","guid":{"rendered":"https:\/\/asantewines.com\/fr\/?post_type=product&#038;p=3991"},"modified":"2025-01-25T17:48:52","modified_gmt":"2025-01-25T17:48:52","slug":"asante-prosecco-superiore-d-o-c-g-extra-dry","status":"publish","type":"product","link":"https:\/\/asantewines.com\/fr\/product\/asante-prosecco-superiore-d-o-c-g-extra-dry\/","title":{"rendered":"ASANTE PROSECCO SUPERIORE D.O.C.G EXTRA DRY"},"content":{"rendered":"<div class=\"wpb-content-wrapper\"><p>[vc_row equal_height=\u00a0\u00bbyes\u00a0\u00bb content_placement=\u00a0\u00bbmiddle\u00a0\u00bb reverse_columns_mobile=\u00a0\u00bbyes\u00a0\u00bb css_animation=\u00a0\u00bb\u00a0\u00bb css=\u00a0\u00bb.vc_custom_1699474953017{padding-top: 0px !important;padding-bottom: 0px !important;}\u00a0\u00bb][vc_column css_animation=\u00a0\u00bb\u00a0\u00bb css=\u00a0\u00bb.vc_custom_1636230994456{padding-top: 20% !important;padding-right: 20% !important;padding-bottom: 20% !important;padding-left: 20% !important;background-color: #121212 !important;}\u00a0\u00bb offset=\u00a0\u00bbvc_col-lg-6 vc_col-md-6&Prime;]\n\t<div class=\"title-subtitle-box \" style=\" text-align: left;\">\n\t\t<p  style=\"\">CARACT\u00c9RISTIQUES DU VIN<\/p>\n\t\t<h1 style=\" font-style: normal;\">NOTES DE D\u00c9GUSTATION<\/h1>\n\t<\/div> [vc_column_text css=\u00a0\u00bb.vc_custom_1737551319476{margin-bottom: 0px !important;}\u00a0\u00bb css_animation=\u00a0\u00bb\u00a0\u00bb]<\/p>\n<div class=\"message-wrapper\">\n<div class=\"punyr21j w7m89t0 w7m89t1b8\">\n<div id=\"d033cf0f-e119-1634-7f7f-7f7f7f7f7f7f_946f0940-d8c0-11ef-9911-7911e0a3efa9\" class=\"message\">\n<div class=\"message-content\">\n<div class=\"\">\n<div>\n<div>\n<p class=\"j9khlkk punyr21e w7m89t1f4 w7m89t1cm w7m89t6 w7m89t2 w7m89tc w7m89t2i w7m89tn7 w7m89tjv w7m89tgz\">Le bouquet est complexe avec des notes de rose, de jasmin, de glycine, de fleurs d&rsquo;acacia, des notes fruit\u00e9es de pomme, de banane et d&rsquo;ananas, avec des nuances min\u00e9rales. Frais, particuli\u00e8rement prononc\u00e9 et avec une excellente persistance<\/p>\n<\/div>\n<\/div>\n<\/div>\n<\/div>\n<\/div>\n<\/div>\n<\/div>\n<p>[\/vc_column_text][\/vc_column][vc_column css_animation=\u00a0\u00bb\u00a0\u00bb css=\u00a0\u00bb.vc_custom_1699474947072{padding-top: 0px !important;padding-right: 0px !important;padding-bottom: 0px !important;padding-left: 0px !important;background-image: url(https:\/\/asantewines.com\/fr\/wp-content\/uploads\/2023\/10\/asante-wine-details-1.jpg?id=3646) !important;background-position: center !important;background-repeat: no-repeat !important;background-size: cover !important;}\u00a0\u00bb offset=\u00a0\u00bbvc_col-lg-6 vc_col-md-6&Prime;][vc_empty_space height=\u00a0\u00bb400px\u00a0\u00bb el_class=\u00a0\u00bbspacer-wine\u00a0\u00bb][\/vc_column][\/vc_row][vc_row equal_height=\u00a0\u00bbyes\u00a0\u00bb content_placement=\u00a0\u00bbmiddle\u00a0\u00bb css_animation=\u00a0\u00bb\u00a0\u00bb css=\u00a0\u00bb.vc_custom_1698229031052{padding-top: 0px !important;padding-bottom: 0px !important;}\u00a0\u00bb][vc_column css_animation=\u00a0\u00bb\u00a0\u00bb css=\u00a0\u00bb.vc_custom_1699474960706{padding-top: 0px !important;padding-right: 0px !important;padding-bottom: 0px !important;padding-left: 0px !important;background-image: url(https:\/\/asantewines.com\/fr\/wp-content\/uploads\/2023\/10\/asante-wine-details-2.jpg?id=3648) !important;background-position: center !important;background-repeat: no-repeat !important;background-size: cover !important;}\u00a0\u00bb offset=\u00a0\u00bbvc_col-lg-6 vc_col-md-6&Prime;][vc_empty_space height=\u00a0\u00bb400px\u00a0\u00bb height_tablet=\u00a0\u00bb400&Prime; height_mobile=\u00a0\u00bb400&Prime; el_class=\u00a0\u00bbspacer-wine\u00a0\u00bb][\/vc_column][vc_column css_animation=\u00a0\u00bb\u00a0\u00bb css=\u00a0\u00bb.vc_custom_1636231018665{padding-top: 20% !important;padding-right: 20% !important;padding-bottom: 20% !important;padding-left: 20% !important;background-color: #121212 !important;}\u00a0\u00bb offset=\u00a0\u00bbvc_col-lg-6 vc_col-md-6&Prime;]\n\t<div class=\"title-subtitle-box \" style=\" text-align: left;\">\n\t\t<p  style=\"\">SP\u00c9CIFICATIONS DU VIN<\/p>\n\t\t<h1 style=\" font-style: normal;\"> NOTES D'ACCORD AVEC LES METS<\/h1>\n\t<\/div> [vc_column_text css=\u00a0\u00bb\u00a0\u00bb css_animation=\u00a0\u00bb\u00a0\u00bb]Vin id\u00e9al pour toutes les occasions, particuli\u00e8rement adapt\u00e9 \u00e0 l&rsquo;ap\u00e9ritif \u00e0 d\u00e9guster entre amis. Il accompagne parfaitement des entr\u00e9es d\u00e9licates ou des plats \u00e0 base de poisson.<br \/>\n[\/vc_column_text][\/vc_column][\/vc_row][vc_row equal_height=\u00a0\u00bbyes\u00a0\u00bb content_placement=\u00a0\u00bbmiddle\u00a0\u00bb reverse_columns_mobile=\u00a0\u00bbyes\u00a0\u00bb css_animation=\u00a0\u00bb\u00a0\u00bb css=\u00a0\u00bb.vc_custom_1699474978185{margin-bottom: 120px !important;padding-top: 0px !important;padding-bottom: 0px !important;}\u00a0\u00bb][vc_column css_animation=\u00a0\u00bb\u00a0\u00bb css=\u00a0\u00bb.vc_custom_1636231052207{padding-top: 20% !important;padding-right: 20% !important;padding-bottom: 20% !important;padding-left: 20% !important;background-color: #121212 !important;}\u00a0\u00bb offset=\u00a0\u00bbvc_col-lg-6 vc_col-md-6&Prime;]\n\t<div class=\"title-subtitle-box \" style=\" text-align: left;\">\n\t\t<p  style=\"\">SP\u00c9CIFICATIONS DU VIN<\/p>\n\t\t<h1 style=\" font-style: normal;\">AVIS DU VIGNERON<\/h1>\n\t<\/div> [vc_column_text css=\u00a0\u00bb\u00a0\u00bb css_animation=\u00a0\u00bb\u00a0\u00bb]Selon la m\u00e9thode Charmat, le processus de mousseux s&rsquo;effectue dans des autoclaves en acier dans le respect des r\u00e8gles dict\u00e9es par la discipline de production. Le r\u00e9sultat est un vin Extra Sec jeune et passionnant, adapt\u00e9 \u00e0 toutes les occasions.<\/p>\n<p>Couleur jaune paille brillante et quelques reflets verd\u00e2tres. Avec un perlage vif et des parfums intenses de fleurs blanches et de pomme dor\u00e9e. Le go\u00fbt est frais et il est \u00e9l\u00e9gant, doux et agr\u00e9ablement sucr\u00e9 en bouche.[\/vc_column_text][\/vc_column][vc_column css_animation=\u00a0\u00bb\u00a0\u00bb css=\u00a0\u00bb.vc_custom_1699474993337{padding-top: 0px !important;padding-right: 0px !important;padding-bottom: 0px !important;padding-left: 0px !important;background-image: url(https:\/\/asantewines.com\/fr\/wp-content\/uploads\/2023\/10\/asante-wine-details-3.jpg?id=3650) !important;background-position: center !important;background-repeat: no-repeat !important;background-size: cover !important;}\u00a0\u00bb offset=\u00a0\u00bbvc_col-lg-6 vc_col-md-6&Prime;][vc_empty_space height=\u00a0\u00bb400px\u00a0\u00bb el_class=\u00a0\u00bbspacer-wine\u00a0\u00bb][\/vc_column][\/vc_row][vc_row equal_height=\u00a0\u00bbyes\u00a0\u00bb content_placement=\u00a0\u00bbmiddle\u00a0\u00bb css_animation=\u00a0\u00bb\u00a0\u00bb css=\u00a0\u00bb.vc_custom_1698229624860{margin-bottom: 120px !important;padding-top: 0px !important;padding-bottom: 0px !important;}\u00a0\u00bb][vc_column css_animation=\u00a0\u00bb\u00a0\u00bb offset=\u00a0\u00bbvc_col-lg-12 vc_col-md-12&Prime;]\n\t<div class=\"title-subtitle-box \" style=\" text-align: center;\">\n\t\t<h4 style=\" font-size:28px; line-height: normal; color:#a58e66;  font-style: normal;\">AUTRE VIN \u00c0 CONSEILLER..<\/p>\n<p><\/h4>\n\t<\/div> [vc_row_inner css_animation=\u00a0\u00bb\u00a0\u00bb][vc_column_inner][vc_single_image image=\u00a0\u00bb3851&Prime; img_size=\u00a0\u00bb300&#215;500&Prime; alignment=\u00a0\u00bbcenter\u00a0\u00bb onclick=\u00a0\u00bbcustom_link\u00a0\u00bb css=\u00a0\u00bb\u00a0\u00bb css_animation=\u00a0\u00bb\u00a0\u00bb link=\u00a0\u00bbhttps:\/\/asantewines.com\/fr\/product\/asante-rouge-2015-haut-medoc\/\u00a0\u00bb][vc_custom_heading text=\u00a0\u00bbASANTE ROUGE 2015 HAUT-M\u00c9DOC\u00a0\u00bb font_container=\u00a0\u00bbtag:h5|font_size:24|text_align:center\u00a0\u00bb google_fonts=\u00a0\u00bbfont_family:Podkova%3Aregular%2C700|font_style:400%20regular%3A400%3Anormal\u00a0\u00bb css=\u00a0\u00bb\u00a0\u00bb link=\u00a0\u00bburl:https%3A%2F%2Fasantewines.com%2Ffr%2Fproduct%2Fasante-rouge-2015-haut-medoc%2F\u00a0\u00bb][vc_custom_heading text=\u00a0\u00bb\u20ac25&Prime; font_container=\u00a0\u00bbtag:h5|font_size:24|text_align:center\u00a0\u00bb google_fonts=\u00a0\u00bbfont_family:Podkova%3Aregular%2C700|font_style:400%20regular%3A400%3Anormal\u00a0\u00bb css=\u00a0\u00bb\u00a0\u00bb link=\u00a0\u00bburl:https%3A%2F%2Fasantewines.com%2Ffr%2Fproduct%2Fasante-rouge-2015-haut-medoc%2F\u00a0\u00bb][\/vc_column_inner][\/vc_row_inner][\/vc_column][\/vc_row]<\/p>\n<\/div>","protected":false},"excerpt":{"rendered":"<div class=\"content\">\n<div class=\"message-wrapper\">\n<div class=\"punyr21j w7m89t0 w7m89t1b8\">\n<div id=\"d033cf0f-e119-1634-7f7f-7f7f7f7f7f7f_8ac145d0-d8bf-11ef-81e4-bf2461a04f7b\" class=\"message\">\n<div class=\"message-content\">\n<div class=\"\">\n<div>\n<div>\n<p class=\"j9khlkk punyr21e w7m89t1f4 w7m89t1cm w7m89t6 w7m89t2 w7m89tc w7m89t2i w7m89tn7 w7m89tjv w7m89tgz\">Asante Prosecco Superiore DOCG a une couleur jaune paille brillante avec un perlage fin et persistant. Le bouquet est complexe avec des notes de fleurs de rose, de jasmin, de glycine et d&rsquo;acacia.<\/p>\n<\/div>\n<\/div>\n<\/div>\n<\/div>\n<\/div>\n<\/div>\n<\/div>\n<\/div>\n","protected":false},"featured_media":3856,"comment_status":"open","ping_status":"closed","template":"","meta":{"_acf_changed":false},"product_brand":[],"product_cat":[15],"product_tag":[],"class_list":{"0":"post-3991","1":"product","2":"type-product","3":"status-publish","4":"has-post-thumbnail","6":"product_cat-uncategorized","8":"first","9":"instock","10":"taxable","11":"shipping-taxable","12":"purchasable","13":"product-type-simple"},"acf":[],"aioseo_notices":[],"_links":{"self":[{"href":"https:\/\/asantewines.com\/fr\/wp-json\/wp\/v2\/product\/3991","targetHints":{"allow":["GET"]}}],"collection":[{"href":"https:\/\/asantewines.com\/fr\/wp-json\/wp\/v2\/product"}],"about":[{"href":"https:\/\/asantewines.com\/fr\/wp-json\/wp\/v2\/types\/product"}],"replies":[{"embeddable":true,"href":"https:\/\/asantewines.com\/fr\/wp-json\/wp\/v2\/comments?post=3991"}],"wp:featuredmedia":[{"embeddable":true,"href":"https:\/\/asantewines.com\/fr\/wp-json\/wp\/v2\/media\/3856"}],"wp:attachment":[{"href":"https:\/\/asantewines.com\/fr\/wp-json\/wp\/v2\/media?parent=3991"}],"wp:term":[{"taxonomy":"product_brand","embeddable":true,"href":"https:\/\/asantewines.com\/fr\/wp-json\/wp\/v2\/product_brand?post=3991"},{"taxonomy":"product_cat","embeddable":true,"href":"https:\/\/asantewines.com\/fr\/wp-json\/wp\/v2\/product_cat?post=3991"},{"taxonomy":"product_tag","embeddable":true,"href":"https:\/\/asantewines.com\/fr\/wp-json\/wp\/v2\/product_tag?post=3991"}],"curies":[{"name":"wp","href":"https:\/\/api.w.org\/{rel}","templated":true}]}}