{"id":682,"date":"2016-03-27T16:07:30","date_gmt":"2016-03-27T16:07:30","guid":{"rendered":"https:\/\/okthemes.com\/villenoirdarkdemo\/product\/villenoir-cabernet-pinot-noir\/"},"modified":"2025-01-25T17:49:00","modified_gmt":"2025-01-25T17:49:00","slug":"asante-rouge-2015-haut-medoc","status":"publish","type":"product","link":"https:\/\/asantewines.com\/fr\/product\/asante-rouge-2015-haut-medoc\/","title":{"rendered":"ASANTE ROUGE 2015 HAUT-M\u00c9DOC"},"content":{"rendered":"<div class=\"wpb-content-wrapper\"><p>[vc_row equal_height=\u00a0\u00bbyes\u00a0\u00bb content_placement=\u00a0\u00bbmiddle\u00a0\u00bb reverse_columns_mobile=\u00a0\u00bbyes\u00a0\u00bb css_animation=\u00a0\u00bb\u00a0\u00bb css=\u00a0\u00bb.vc_custom_1699474865446{padding-top: 0px !important;padding-bottom: 0px !important;}\u00a0\u00bb][vc_column css_animation=\u00a0\u00bb\u00a0\u00bb css=\u00a0\u00bb.vc_custom_1636230994456{padding-top: 20% !important;padding-right: 20% !important;padding-bottom: 20% !important;padding-left: 20% !important;background-color: #121212 !important;}\u00a0\u00bb offset=\u00a0\u00bbvc_col-lg-6 vc_col-md-6&Prime;]\n\t<div class=\"title-subtitle-box \" style=\" text-align: left;\">\n\t\t<p  style=\"\">CARACT\u00c9RISTIQUES DU VIN<\/p>\n\t\t<h1 style=\" font-style: normal;\">NOTES DE D\u00c9GUSTATION<\/h1>\n\t<\/div> [vc_column_text css=\u00a0\u00bb.vc_custom_1737549412396{margin-bottom: 0px !important;}\u00a0\u00bb css_animation=\u00a0\u00bb\u00a0\u00bb]Complexe, \u00e9l\u00e9gant, bois\u00e9, notes de m\u00fbre, groseille, r\u00e9glisse, et parfois \u00e9pices et menthe[\/vc_column_text][\/vc_column][vc_column css_animation=\u00a0\u00bb\u00a0\u00bb css=\u00a0\u00bb.vc_custom_1699474857607{padding-top: 0px !important;padding-right: 0px !important;padding-bottom: 0px !important;padding-left: 0px !important;background-image: url(https:\/\/asantewines.com\/fr\/wp-content\/uploads\/2023\/10\/asante-wine-details-1.jpg?id=3646) !important;background-position: center !important;background-repeat: no-repeat !important;background-size: cover !important;}\u00a0\u00bb offset=\u00a0\u00bbvc_col-lg-6 vc_col-md-6&Prime;][vc_empty_space height=\u00a0\u00bb400px\u00a0\u00bb el_class=\u00a0\u00bbspacer-wine\u00a0\u00bb][\/vc_column][\/vc_row][vc_row equal_height=\u00a0\u00bbyes\u00a0\u00bb content_placement=\u00a0\u00bbmiddle\u00a0\u00bb css_animation=\u00a0\u00bb\u00a0\u00bb css=\u00a0\u00bb.vc_custom_1698229031052{padding-top: 0px !important;padding-bottom: 0px !important;}\u00a0\u00bb][vc_column css_animation=\u00a0\u00bb\u00a0\u00bb css=\u00a0\u00bb.vc_custom_1699474922207{padding-top: 0px !important;padding-right: 0px !important;padding-bottom: 0px !important;padding-left: 0px !important;background-image: url(https:\/\/asantewines.com\/fr\/wp-content\/uploads\/2023\/10\/asante-wine-details-4.jpg?id=3653) !important;background-position: center !important;background-repeat: no-repeat !important;background-size: cover !important;}\u00a0\u00bb offset=\u00a0\u00bbvc_col-lg-6 vc_col-md-6&Prime;][vc_empty_space height=\u00a0\u00bb400px\u00a0\u00bb height_tablet=\u00a0\u00bb400&Prime; height_mobile=\u00a0\u00bb400&Prime; el_class=\u00a0\u00bbspacer-wine\u00a0\u00bb][\/vc_column][vc_column css_animation=\u00a0\u00bb\u00a0\u00bb css=\u00a0\u00bb.vc_custom_1636231018665{padding-top: 20% !important;padding-right: 20% !important;padding-bottom: 20% !important;padding-left: 20% !important;background-color: #121212 !important;}\u00a0\u00bb offset=\u00a0\u00bbvc_col-lg-6 vc_col-md-6&Prime;]\n\t<div class=\"title-subtitle-box \" style=\" text-align: left;\">\n\t\t<p  style=\"\">CARACT\u00c9RISTIQUES DU VIN<\/p>\n\t\t<h1 style=\" font-style: normal;\">ACCORD AVEC LES METS<\/h1>\n\t<\/div> [vc_column_text css=\u00a0\u00bb\u00a0\u00bb css_animation=\u00a0\u00bb\u00a0\u00bb]<\/p>\n<div class=\"content\">\n<div class=\"message-wrapper\">\n<div class=\"punyr21j w7m89t0 w7m89t1b8\">\n<div id=\"d033cf0f-e119-1634-7f7f-7f7f7f7f7f7f_edfb4260-d8bd-11ef-81e4-bf2461a04f7b\" class=\"message\">\n<div class=\"message-content\">\n<div class=\"\">\n<div>\n<div>\n<p class=\"j9khlkk punyr21e w7m89t1f4 w7m89t1cm w7m89t6 w7m89t2 w7m89tc w7m89t2i w7m89tn7 w7m89tjv w7m89tgz\">Asante Rouge s&rsquo;accorde parfaitement avec la plupart des plats de gibier, de b\u0153uf, de veau, de porc, d&rsquo;agneau ou de canard. Il se marie \u00e9galement bien avec le poulet r\u00f4ti et une grande vari\u00e9t\u00e9 d&rsquo;autres viandes r\u00f4ties ou grill\u00e9es, ou avec des plats de fruits de mer.<\/p>\n<\/div>\n<\/div>\n<\/div>\n<\/div>\n<\/div>\n<\/div>\n<\/div>\n<\/div>\n<p>[\/vc_column_text][\/vc_column][\/vc_row][vc_row equal_height=\u00a0\u00bbyes\u00a0\u00bb content_placement=\u00a0\u00bbmiddle\u00a0\u00bb reverse_columns_mobile=\u00a0\u00bbyes\u00a0\u00bb css_animation=\u00a0\u00bb\u00a0\u00bb css=\u00a0\u00bb.vc_custom_1699474905517{margin-bottom: 120px !important;padding-top: 0px !important;padding-bottom: 0px !important;}\u00a0\u00bb][vc_column css_animation=\u00a0\u00bb\u00a0\u00bb css=\u00a0\u00bb.vc_custom_1636231052207{padding-top: 20% !important;padding-right: 20% !important;padding-bottom: 20% !important;padding-left: 20% !important;background-color: #121212 !important;}\u00a0\u00bb offset=\u00a0\u00bbvc_col-lg-6 vc_col-md-6&Prime;]\n\t<div class=\"title-subtitle-box \" style=\" text-align: left;\">\n\t\t<p  style=\"\">CARACT\u00c9RISTIQUES DU VIN<\/p>\n\t\t<h1 style=\" font-style: normal;\">AVIS DU VIGNERON<\/h1>\n\t<\/div> [vc_column_text css=\u00a0\u00bb\u00a0\u00bb css_animation=\u00a0\u00bb\u00a0\u00bb]Fruit m\u00fbr encore reconnaissable comme le cassis et l&rsquo;aronia. Poivron, encens, poivre de Sichuan et notes de chocolat noir. La bouche assez cors\u00e9e est poussi\u00e9reuse et l\u00e9g\u00e8rement captivante avec une acidit\u00e9 moyenne \u00e9quilibr\u00e9e.<\/p>\n<p>Une certaine richesse fruit\u00e9e \u00e9quilibre la structure et remplit le milieu de bouche. Lilas et cuir vers une longue finale. Vin incroyable.[\/vc_column_text][\/vc_column][vc_column css_animation=\u00a0\u00bb\u00a0\u00bb css=\u00a0\u00bb.vc_custom_1699474889854{padding-top: 0px !important;padding-right: 0px !important;padding-bottom: 0px !important;padding-left: 0px !important;background-image: url(https:\/\/asantewines.com\/fr\/wp-content\/uploads\/2023\/10\/asante-wine-details-5.jpg?id=3654) !important;background-position: center !important;background-repeat: no-repeat !important;background-size: cover !important;}\u00a0\u00bb offset=\u00a0\u00bbvc_col-lg-6 vc_col-md-6&Prime;][vc_empty_space height=\u00a0\u00bb400px\u00a0\u00bb el_class=\u00a0\u00bbspacer-wine\u00a0\u00bb][\/vc_column][\/vc_row][vc_row equal_height=\u00a0\u00bbyes\u00a0\u00bb content_placement=\u00a0\u00bbmiddle\u00a0\u00bb css_animation=\u00a0\u00bb\u00a0\u00bb css=\u00a0\u00bb.vc_custom_1698229624860{margin-bottom: 120px !important;padding-top: 0px !important;padding-bottom: 0px !important;}\u00a0\u00bb][vc_column css_animation=\u00a0\u00bb\u00a0\u00bb offset=\u00a0\u00bbvc_col-lg-12 vc_col-md-12&Prime;]\n\t<div class=\"title-subtitle-box \" style=\" text-align: center;\">\n\t\t<h4 style=\" font-size:28px; line-height: normal; color:#a58e66;  font-style: normal;\">AUTRE VIN \u00c0 CONSEILLER....<\/h4>\n\t<\/div> [vc_row_inner css_animation=\u00a0\u00bb\u00a0\u00bb][vc_column_inner][vc_single_image image=\u00a0\u00bb3856&Prime; img_size=\u00a0\u00bb300&#215;500&Prime; alignment=\u00a0\u00bbcenter\u00a0\u00bb onclick=\u00a0\u00bbcustom_link\u00a0\u00bb css=\u00a0\u00bb\u00a0\u00bb css_animation=\u00a0\u00bb\u00a0\u00bb link=\u00a0\u00bbhttps:\/\/asantewines.com\/fr\/product\/asante-prosecco-superiore-d-o-c-g-extra-dry\/\u00a0\u00bb][vc_custom_heading text=\u00a0\u00bbASANTE PROSECCO SUPERIORE D.O.C.G EXTRA DRY\u00a0\u00bb font_container=\u00a0\u00bbtag:h5|font_size:24|text_align:center\u00a0\u00bb google_fonts=\u00a0\u00bbfont_family:Podkova%3Aregular%2C700|font_style:400%20regular%3A400%3Anormal\u00a0\u00bb css=\u00a0\u00bb\u00a0\u00bb link=\u00a0\u00bburl:https%3A%2F%2Fasantewines.com%2Ffr%2Fproduct%2Fasante-prosecco-superiore-d-o-c-g-extra-dry%2F\u00a0\u00bb][vc_custom_heading text=\u00a0\u00bb\u20ac20&Prime; font_container=\u00a0\u00bbtag:h5|font_size:24|text_align:center\u00a0\u00bb google_fonts=\u00a0\u00bbfont_family:Podkova%3Aregular%2C700|font_style:400%20regular%3A400%3Anormal\u00a0\u00bb css=\u00a0\u00bb\u00a0\u00bb link=\u00a0\u00bburl:https%3A%2F%2Fasantewines.com%2Ffr%2Fproduct%2Fasante-prosecco-superiore-d-o-c-g-extra-dry%2F\u00a0\u00bb][\/vc_column_inner][\/vc_row_inner][\/vc_column][\/vc_row]<\/p>\n<\/div>","protected":false},"excerpt":{"rendered":"<p>Asante Rouge by Ch\u00e2teau S\u00c9NILHAC puise sa g\u00e9n\u00e9rosit\u00e9 dans un terroir argilo-calcaire des hauts plateaux de Saint Seurin de Cadourne depuis le 19\u00e8me si\u00e8cle. Ce vin r\u00e9v\u00e8le les ar\u00f4mes gourmands de fruits rouges et noirs et les notes subtiles de r\u00e9glisse d&rsquo;un grand Haut-M\u00e9doc.<\/p>\n","protected":false},"featured_media":3851,"comment_status":"open","ping_status":"closed","template":"","meta":{"_acf_changed":false},"product_brand":[],"product_cat":[29],"product_tag":[28,32],"class_list":{"0":"post-682","1":"product","2":"type-product","3":"status-publish","4":"has-post-thumbnail","6":"product_cat-red-wines","7":"product_tag-red","8":"product_tag-wine","10":"first","11":"instock","12":"taxable","13":"shipping-taxable","14":"purchasable","15":"product-type-simple"},"acf":[],"aioseo_notices":[],"_links":{"self":[{"href":"https:\/\/asantewines.com\/fr\/wp-json\/wp\/v2\/product\/682","targetHints":{"allow":["GET"]}}],"collection":[{"href":"https:\/\/asantewines.com\/fr\/wp-json\/wp\/v2\/product"}],"about":[{"href":"https:\/\/asantewines.com\/fr\/wp-json\/wp\/v2\/types\/product"}],"replies":[{"embeddable":true,"href":"https:\/\/asantewines.com\/fr\/wp-json\/wp\/v2\/comments?post=682"}],"wp:featuredmedia":[{"embeddable":true,"href":"https:\/\/asantewines.com\/fr\/wp-json\/wp\/v2\/media\/3851"}],"wp:attachment":[{"href":"https:\/\/asantewines.com\/fr\/wp-json\/wp\/v2\/media?parent=682"}],"wp:term":[{"taxonomy":"product_brand","embeddable":true,"href":"https:\/\/asantewines.com\/fr\/wp-json\/wp\/v2\/product_brand?post=682"},{"taxonomy":"product_cat","embeddable":true,"href":"https:\/\/asantewines.com\/fr\/wp-json\/wp\/v2\/product_cat?post=682"},{"taxonomy":"product_tag","embeddable":true,"href":"https:\/\/asantewines.com\/fr\/wp-json\/wp\/v2\/product_tag?post=682"}],"curies":[{"name":"wp","href":"https:\/\/api.w.org\/{rel}","templated":true}]}}